{"id":1804,"date":"2023-02-07T19:02:26","date_gmt":"2023-02-07T23:02:26","guid":{"rendered":"https:\/\/juiceboxinc.ca\/a-propos\/"},"modified":"2023-11-28T16:34:30","modified_gmt":"2023-11-28T20:34:30","slug":"a-propos","status":"publish","type":"page","link":"https:\/\/juiceboxinc.ca\/fr\/a-propos\/","title":{"rendered":"\u00c0 propos"},"content":{"rendered":"\t\t<div data-elementor-type=\"wp-page\" data-elementor-id=\"1804\" class=\"elementor elementor-1804 elementor-1385\" data-elementor-post-type=\"page\">\n\t\t\t\t<div class=\"elementor-element elementor-element-e193daa e-flex e-con-boxed e-con e-parent\" data-id=\"e193daa\" data-element_type=\"container\" data-e-type=\"container\">\n\t\t\t\t\t<div class=\"e-con-inner\">\n\t\t<div class=\"elementor-element elementor-element-6d3fb09 e-con-full e-flex e-con e-child\" data-id=\"6d3fb09\" data-element_type=\"container\" data-e-type=\"container\">\n\t\t\t\t<\/div>\n\t\t<div class=\"elementor-element elementor-element-b6f50e7 e-con-full e-flex e-con e-child\" data-id=\"b6f50e7\" data-element_type=\"container\" data-e-type=\"container\">\n\t\t\t\t<\/div>\n\t\t\t\t\t<\/div>\n\t\t\t\t<\/div>\n\t\t<div class=\"elementor-element elementor-element-df403bd margin-140 e-flex e-con-boxed e-con e-parent\" data-id=\"df403bd\" data-element_type=\"container\" data-e-type=\"container\">\n\t\t\t\t\t<div class=\"e-con-inner\">\n\t\t<div class=\"elementor-element elementor-element-0d23724 e-flex e-con-boxed e-con e-child\" data-id=\"0d23724\" data-element_type=\"container\" data-e-type=\"container\" data-settings=\"{&quot;background_background&quot;:&quot;classic&quot;}\">\n\t\t\t\t\t<div class=\"e-con-inner\">\n\t\t<div class=\"elementor-element elementor-element-cf9270f e-flex e-con-boxed e-con e-child\" data-id=\"cf9270f\" data-element_type=\"container\" data-e-type=\"container\">\n\t\t\t\t\t<div class=\"e-con-inner\">\n\t\t<div class=\"elementor-element elementor-element-d6bd325 e-con-full e-flex e-con e-child\" data-id=\"d6bd325\" data-element_type=\"container\" data-e-type=\"container\">\n\t\t\t\t<div class=\"elementor-element elementor-element-423cdd2 elementor-widget elementor-widget-heading\" data-id=\"423cdd2\" data-element_type=\"widget\" data-e-type=\"widget\" data-widget_type=\"heading.default\">\n\t\t\t\t<div class=\"elementor-widget-container\">\n\t\t\t\t\t<h1 class=\"elementor-heading-title elementor-size-default\">\u00c0 propos de moi<\/h1>\t\t\t\t<\/div>\n\t\t\t\t<\/div>\n\t\t\t\t<div class=\"elementor-element elementor-element-8b62089 elementor-widget elementor-widget-text-editor\" data-id=\"8b62089\" data-element_type=\"widget\" data-e-type=\"widget\" data-widget_type=\"text-editor.default\">\n\t\t\t\t<div class=\"elementor-widget-container\">\n\t\t\t\t\t\t\t\t\t<p>Juice Box Inc est un petit bar \u00e0 jus local situ\u00e9 \u00e0 Campbellton, au Nouveau-Brunswick. Notre objectif est de proposer des options fra\u00eeches et saines \u00e0 notre communaut\u00e9 avec nos jus fra\u00eechement press\u00e9s, nos smoothies, nos en-cas sains et nos d\u00e9jeuners l\u00e9gers dans un environnement de restauration rapide. Notre fondatrice, Rose Guarnieri, est une conseill\u00e8re nutritionnelle holistique certifi\u00e9e et n&rsquo;est pas \u00e9trang\u00e8re au secteur de la restauration.<\/p>\n<p>Lorsque Rose a d\u00e9m\u00e9nag\u00e9 avec sa famille dans la r\u00e9gion du Restigouche, sur la c\u00f4te nord du Nouveau-Brunswick, elle a rapidement remarqu\u00e9 qu&rsquo;il n&rsquo;y avait pas suffisamment de choix de repas sains. Apr\u00e8s avoir rencontr\u00e9 des membres de sa nouvelle communaut\u00e9 et d&rsquo;autres entrepreneurs locaux, elle a constat\u00e9 qu&rsquo;il existait une demande pour des produits plus respectueux de la sant\u00e9. Rose et son mari Jean-Fran\u00e7ois aiment tous deux le plein air et l&rsquo;activit\u00e9 physique. Ils aiment partager leur amour du plein air et leurs exp\u00e9riences avec leurs amis et leur famille.<\/p>\n<p>Originaire de Toronto, o\u00f9 Rose a poss\u00e9d\u00e9 et restaur\u00e9 un restaurant classique des ann\u00e9es 60 qui a fait l&rsquo;objet d&rsquo;un article dans le New York Times, elle a 22 ans d&rsquo;exp\u00e9rience dans le secteur de l&rsquo;h\u00f4tellerie et de la restauration. Elle a travaill\u00e9 dans certains des c\u00e9l\u00e8bres domaines viticoles de la vall\u00e9e de l&rsquo;Okanagan, en Colombie-Britannique, et dans certains des restaurants et centres de vill\u00e9giature les mieux class\u00e9s de Toronto, ainsi que dans les villes touristiques de Banff et de Canmore, dans les Rocheuses canadiennes.<\/p>\n<p>Rose a une v\u00e9ritable passion pour la bonne cuisine qui a commenc\u00e9 d\u00e8s l&rsquo;enfance. \u00ab\u00a0La cuisine maison est dans mes veines\u00a0\u00bb. Sa famille a immigr\u00e9 d&rsquo;Italie au Canada et a \u00e9t\u00e9 l&rsquo;une des premi\u00e8res \u00e0 vendre des p\u00e2tes fra\u00eeches dans le commerce \u00e0 Toronto. \u00ab\u00a0L&rsquo;un de mes meilleurs souvenirs d&rsquo;enfance est celui de ma m\u00e8re \u00e9talant la p\u00e2te fra\u00eeche et l&rsquo;aidant \u00e0 remplir et \u00e0 rouler les tortellini\u00a0\u00bb.<\/p>\n<p>Rose a \u00e9tudi\u00e9 la nutrition holistique au CSNN de Kelowna, en Colombie-Britannique, et a suivi des cours de cuisine, de vin et de sommellerie \u00e0 Toronto, dans le cadre du George Brown College et de l&rsquo;International Wine and Spirits Trust.<\/p>\n<p>En ouvrant son bar \u00e0 jus Juice Box Inc, Rose esp\u00e8re promouvoir un mode de vie sain au sein de sa communaut\u00e9. \u00ab\u00a0Nous esp\u00e9rons encourager les autres \u00e0 vivre leur meilleure vie, une tasse \u00e0 la fois !<\/p>\n\t\t\t\t\t\t\t\t<\/div>\n\t\t\t\t<\/div>\n\t\t\t\t<div class=\"elementor-element elementor-element-6d8dc06 e-grid-align-left e-grid-align-mobile-center elementor-shape-rounded elementor-grid-0 elementor-widget elementor-widget-social-icons\" data-id=\"6d8dc06\" data-element_type=\"widget\" data-e-type=\"widget\" data-widget_type=\"social-icons.default\">\n\t\t\t\t<div class=\"elementor-widget-container\">\n\t\t\t\t\t\t\t<div class=\"elementor-social-icons-wrapper elementor-grid\" role=\"list\">\n\t\t\t\t\t\t\t<span class=\"elementor-grid-item\" role=\"listitem\">\n\t\t\t\t\t<a class=\"elementor-icon elementor-social-icon elementor-social-icon- elementor-repeater-item-9f8d50d\" href=\"https:\/\/www.facebook.com\/juiceboxinccampbellton\" target=\"_blank\">\n\t\t\t\t\t\t<span class=\"elementor-screen-only\"><\/span>\n\t\t\t\t\t\t<svg xmlns=\"http:\/\/www.w3.org\/2000\/svg\" width=\"25\" height=\"24\" viewBox=\"0 0 25 24\" fill=\"none\"><g clip-path=\"url(#clip0_617_46)\"><path d=\"M14.75 13.5H17.25L18.25 9.5H14.75V7.5C14.75 6.47 14.75 5.5 16.75 5.5H18.25V2.14C17.924 2.097 16.693 2 15.393 2C12.678 2 10.75 3.657 10.75 6.7V9.5H7.75V13.5H10.75V22H14.75V13.5Z\" fill=\"#FF5B1B\"><\/path><\/g><defs><clipPath id=\"clip0_617_46\"><rect width=\"24\" height=\"24\" fill=\"white\" transform=\"translate(0.75)\"><\/rect><\/clipPath><\/defs><\/svg>\t\t\t\t\t<\/a>\n\t\t\t\t<\/span>\n\t\t\t\t\t\t\t<span class=\"elementor-grid-item\" role=\"listitem\">\n\t\t\t\t\t<a class=\"elementor-icon elementor-social-icon elementor-social-icon- elementor-repeater-item-00ade00\" href=\"https:\/\/www.instagram.com\/juiceboxinccampbellton\/\" target=\"_blank\">\n\t\t\t\t\t\t<span class=\"elementor-screen-only\"><\/span>\n\t\t\t\t\t\t<svg xmlns=\"http:\/\/www.w3.org\/2000\/svg\" width=\"25\" height=\"24\" viewBox=\"0 0 25 24\" fill=\"none\"><g clip-path=\"url(#clip0_617_49)\"><path d=\"M12.75 2C15.467 2 15.806 2.01 16.872 2.06C17.937 2.11 18.662 2.277 19.3 2.525C19.96 2.779 20.516 3.123 21.072 3.678C21.5805 4.1779 21.974 4.78259 22.225 5.45C22.472 6.087 22.64 6.813 22.69 7.878C22.737 8.944 22.75 9.283 22.75 12C22.75 14.717 22.74 15.056 22.69 16.122C22.64 17.187 22.472 17.912 22.225 18.55C21.9747 19.2178 21.5811 19.8226 21.072 20.322C20.572 20.8303 19.9673 21.2238 19.3 21.475C18.663 21.722 17.937 21.89 16.872 21.94C15.806 21.987 15.467 22 12.75 22C10.033 22 9.694 21.99 8.628 21.94C7.563 21.89 6.838 21.722 6.2 21.475C5.53233 21.2245 4.92753 20.8309 4.428 20.322C3.91941 19.8222 3.52593 19.2175 3.275 18.55C3.027 17.913 2.86 17.187 2.81 16.122C2.763 15.056 2.75 14.717 2.75 12C2.75 9.283 2.76 8.944 2.81 7.878C2.86 6.812 3.027 6.088 3.275 5.45C3.52524 4.78218 3.9188 4.17732 4.428 3.678C4.92767 3.16923 5.53243 2.77573 6.2 2.525C6.838 2.277 7.562 2.11 8.628 2.06C9.694 2.013 10.033 2 12.75 2ZM12.75 7C11.4239 7 10.1521 7.52678 9.21447 8.46447C8.27678 9.40215 7.75 10.6739 7.75 12C7.75 13.3261 8.27678 14.5979 9.21447 15.5355C10.1521 16.4732 11.4239 17 12.75 17C14.0761 17 15.3479 16.4732 16.2855 15.5355C17.2232 14.5979 17.75 13.3261 17.75 12C17.75 10.6739 17.2232 9.40215 16.2855 8.46447C15.3479 7.52678 14.0761 7 12.75 7ZM19.25 6.75C19.25 6.41848 19.1183 6.10054 18.8839 5.86612C18.6495 5.6317 18.3315 5.5 18 5.5C17.6685 5.5 17.3505 5.6317 17.1161 5.86612C16.8817 6.10054 16.75 6.41848 16.75 6.75C16.75 7.08152 16.8817 7.39946 17.1161 7.63388C17.3505 7.8683 17.6685 8 18 8C18.3315 8 18.6495 7.8683 18.8839 7.63388C19.1183 7.39946 19.25 7.08152 19.25 6.75ZM12.75 9C13.5456 9 14.3087 9.31607 14.8713 9.87868C15.4339 10.4413 15.75 11.2044 15.75 12C15.75 12.7956 15.4339 13.5587 14.8713 14.1213C14.3087 14.6839 13.5456 15 12.75 15C11.9544 15 11.1913 14.6839 10.6287 14.1213C10.0661 13.5587 9.75 12.7956 9.75 12C9.75 11.2044 10.0661 10.4413 10.6287 9.87868C11.1913 9.31607 11.9544 9 12.75 9Z\" fill=\"#FF5B1B\"><\/path><\/g><defs><clipPath id=\"clip0_617_49\"><rect width=\"24\" height=\"24\" fill=\"white\" transform=\"translate(0.75)\"><\/rect><\/clipPath><\/defs><\/svg>\t\t\t\t\t<\/a>\n\t\t\t\t<\/span>\n\t\t\t\t\t<\/div>\n\t\t\t\t\t\t<\/div>\n\t\t\t\t<\/div>\n\t\t\t\t<div class=\"elementor-element elementor-element-121afc3 elementor-widget__width-initial elementor-hidden-desktop elementor-widget elementor-widget-image\" data-id=\"121afc3\" data-element_type=\"widget\" data-e-type=\"widget\" data-widget_type=\"image.default\">\n\t\t\t\t<div class=\"elementor-widget-container\">\n\t\t\t\t\t\t\t\t\t\t\t\t\t\t\t<img fetchpriority=\"high\" decoding=\"async\" width=\"800\" height=\"679\" src=\"https:\/\/juiceboxinc.ca\/wp-content\/uploads\/2022\/01\/csnn-1024x869.png\" class=\"attachment-large size-large wp-image-1733\" alt=\"\" srcset=\"https:\/\/juiceboxinc.ca\/wp-content\/uploads\/2022\/01\/csnn-1024x869.png 1024w, https:\/\/juiceboxinc.ca\/wp-content\/uploads\/2022\/01\/csnn-300x255.png 300w, https:\/\/juiceboxinc.ca\/wp-content\/uploads\/2022\/01\/csnn-768x652.png 768w, https:\/\/juiceboxinc.ca\/wp-content\/uploads\/2022\/01\/csnn.png 1224w\" sizes=\"(max-width: 800px) 100vw, 800px\" \/>\t\t\t\t\t\t\t\t\t\t\t\t\t\t\t<\/div>\n\t\t\t\t<\/div>\n\t\t\t\t<\/div>\n\t\t<div class=\"elementor-element elementor-element-573e9c9 e-con-full e-flex e-con e-child\" data-id=\"573e9c9\" data-element_type=\"container\" data-e-type=\"container\">\n\t\t\t\t<div class=\"elementor-element elementor-element-b29f1d2 elementor-widget-tablet__width-initial elementor-widget__width-initial elementor-widget elementor-widget-image\" data-id=\"b29f1d2\" data-element_type=\"widget\" data-e-type=\"widget\" data-widget_type=\"image.default\">\n\t\t\t\t<div class=\"elementor-widget-container\">\n\t\t\t\t\t\t\t\t\t\t\t\t\t\t\t<img decoding=\"async\" width=\"800\" height=\"944\" src=\"https:\/\/juiceboxinc.ca\/wp-content\/uploads\/2023\/11\/rose-868x1024.webp\" class=\"attachment-large size-large wp-image-2587\" alt=\"\" srcset=\"https:\/\/juiceboxinc.ca\/wp-content\/uploads\/2023\/11\/rose-868x1024.webp 868w, https:\/\/juiceboxinc.ca\/wp-content\/uploads\/2023\/11\/rose-254x300.webp 254w, https:\/\/juiceboxinc.ca\/wp-content\/uploads\/2023\/11\/rose-768x906.webp 768w, https:\/\/juiceboxinc.ca\/wp-content\/uploads\/2023\/11\/rose-1302x1536.webp 1302w, https:\/\/juiceboxinc.ca\/wp-content\/uploads\/2023\/11\/rose-scaled.webp 1736w\" sizes=\"(max-width: 800px) 100vw, 800px\" \/>\t\t\t\t\t\t\t\t\t\t\t\t\t\t\t<\/div>\n\t\t\t\t<\/div>\n\t\t\t\t<div class=\"elementor-element elementor-element-fd3787b elementor-widget__width-initial elementor-hidden-tablet elementor-hidden-mobile elementor-widget elementor-widget-image\" data-id=\"fd3787b\" data-element_type=\"widget\" data-e-type=\"widget\" data-widget_type=\"image.default\">\n\t\t\t\t<div class=\"elementor-widget-container\">\n\t\t\t\t\t\t\t\t\t\t\t\t\t\t\t<img fetchpriority=\"high\" decoding=\"async\" width=\"800\" height=\"679\" src=\"https:\/\/juiceboxinc.ca\/wp-content\/uploads\/2022\/01\/csnn-1024x869.png\" class=\"attachment-large size-large wp-image-1733\" alt=\"\" srcset=\"https:\/\/juiceboxinc.ca\/wp-content\/uploads\/2022\/01\/csnn-1024x869.png 1024w, https:\/\/juiceboxinc.ca\/wp-content\/uploads\/2022\/01\/csnn-300x255.png 300w, https:\/\/juiceboxinc.ca\/wp-content\/uploads\/2022\/01\/csnn-768x652.png 768w, https:\/\/juiceboxinc.ca\/wp-content\/uploads\/2022\/01\/csnn.png 1224w\" sizes=\"(max-width: 800px) 100vw, 800px\" \/>\t\t\t\t\t\t\t\t\t\t\t\t\t\t\t<\/div>\n\t\t\t\t<\/div>\n\t\t\t\t<\/div>\n\t\t\t\t\t<\/div>\n\t\t\t\t<\/div>\n\t\t\t\t\t<\/div>\n\t\t\t\t<\/div>\n\t\t\t\t\t<\/div>\n\t\t\t\t<\/div>\n\t\t\t\t<\/div>\n\t\t","protected":false},"excerpt":{"rendered":"<p>\u00c0 propos de moi Juice Box Inc est un petit bar \u00e0 jus local situ\u00e9 \u00e0 Campbellton, au Nouveau-Brunswick. Notre objectif est de proposer des options fra\u00eeches et saines \u00e0 notre communaut\u00e9 avec nos jus fra\u00eechement press\u00e9s, nos smoothies, nos en-cas sains et nos d\u00e9jeuners l\u00e9gers dans un environnement de restauration rapide. Notre fondatrice, Rose [&hellip;]<\/p>\n","protected":false},"author":1,"featured_media":0,"parent":0,"menu_order":0,"comment_status":"closed","ping_status":"closed","template":"","meta":{"_exactmetrics_skip_tracking":false,"_exactmetrics_sitenote_active":false,"_exactmetrics_sitenote_note":"","_exactmetrics_sitenote_category":0,"footnotes":""},"class_list":["post-1804","page","type-page","status-publish","hentry"],"yoast_head":"<!-- This site is optimized with the Yoast SEO Premium plugin v27.3 (Yoast SEO v27.3) - https:\/\/yoast.com\/product\/yoast-seo-premium-wordpress\/ -->\n<title>\u00c0 propos - Juice Box Inc.<\/title>\n<meta name=\"robots\" content=\"index, follow, max-snippet:-1, max-image-preview:large, max-video-preview:-1\" \/>\n<link rel=\"canonical\" href=\"https:\/\/juiceboxinc.ca\/fr\/a-propos\/\" \/>\n<meta property=\"og:locale\" content=\"fr_FR\" \/>\n<meta property=\"og:type\" content=\"article\" \/>\n<meta property=\"og:title\" content=\"Juice Box Inc. - \u00c0 propos\" \/>\n<meta property=\"og:description\" content=\"\u00c0 propos de moi Juice Box Inc est un petit bar \u00e0 jus local situ\u00e9 \u00e0 Campbellton, au Nouveau-Brunswick. Notre objectif est de proposer des options fra\u00eeches et saines \u00e0 notre communaut\u00e9 avec nos jus fra\u00eechement press\u00e9s, nos smoothies, nos en-cas sains et nos d\u00e9jeuners l\u00e9gers dans un environnement de restauration rapide. Notre fondatrice, Rose [&hellip;]\" \/>\n<meta property=\"og:url\" content=\"https:\/\/juiceboxinc.ca\/fr\/a-propos\/\" \/>\n<meta property=\"og:site_name\" content=\"Juice Box Inc.\" \/>\n<meta property=\"article:modified_time\" content=\"2023-11-28T20:34:30+00:00\" \/>\n<meta property=\"og:image\" content=\"https:\/\/juiceboxinc.ca\/wp-content\/uploads\/2023\/11\/jfbeaulieu-YoastFacebookforJuiceBoxInc-1200X675-pix-SP-28Nov2023-002-1024x576.webp\" \/>\n<meta name=\"twitter:card\" content=\"summary_large_image\" \/>\n<meta name=\"twitter:title\" content=\"Juice Box Inc. - \u00c0 propos\" \/>\n<meta name=\"twitter:label1\" content=\"Dur\u00e9e de lecture estim\u00e9e\" \/>\n\t<meta name=\"twitter:data1\" content=\"3 minutes\" \/>\n<script type=\"application\/ld+json\" class=\"yoast-schema-graph\">{\"@context\":\"https:\\\/\\\/schema.org\",\"@graph\":[{\"@type\":\"WebPage\",\"@id\":\"https:\\\/\\\/juiceboxinc.ca\\\/fr\\\/a-propos\\\/\",\"url\":\"https:\\\/\\\/juiceboxinc.ca\\\/fr\\\/a-propos\\\/\",\"name\":\"\u00c0 propos - Juice Box Inc.\",\"isPartOf\":{\"@id\":\"https:\\\/\\\/juiceboxinc.ca\\\/#website\"},\"primaryImageOfPage\":{\"@id\":\"https:\\\/\\\/juiceboxinc.ca\\\/fr\\\/a-propos\\\/#primaryimage\"},\"image\":{\"@id\":\"https:\\\/\\\/juiceboxinc.ca\\\/fr\\\/a-propos\\\/#primaryimage\"},\"thumbnailUrl\":\"https:\\\/\\\/juiceboxinc.ca\\\/wp-content\\\/uploads\\\/2022\\\/01\\\/csnn-1024x869.png\",\"datePublished\":\"2023-02-07T23:02:26+00:00\",\"dateModified\":\"2023-11-28T20:34:30+00:00\",\"breadcrumb\":{\"@id\":\"https:\\\/\\\/juiceboxinc.ca\\\/fr\\\/a-propos\\\/#breadcrumb\"},\"inLanguage\":\"fr-FR\",\"potentialAction\":[{\"@type\":\"ReadAction\",\"target\":[\"https:\\\/\\\/juiceboxinc.ca\\\/fr\\\/a-propos\\\/\"]}]},{\"@type\":\"ImageObject\",\"inLanguage\":\"fr-FR\",\"@id\":\"https:\\\/\\\/juiceboxinc.ca\\\/fr\\\/a-propos\\\/#primaryimage\",\"url\":\"https:\\\/\\\/juiceboxinc.ca\\\/wp-content\\\/uploads\\\/2022\\\/01\\\/csnn-1024x869.png\",\"contentUrl\":\"https:\\\/\\\/juiceboxinc.ca\\\/wp-content\\\/uploads\\\/2022\\\/01\\\/csnn-1024x869.png\"},{\"@type\":\"BreadcrumbList\",\"@id\":\"https:\\\/\\\/juiceboxinc.ca\\\/fr\\\/a-propos\\\/#breadcrumb\",\"itemListElement\":[{\"@type\":\"ListItem\",\"position\":1,\"name\":\"Home\",\"item\":\"https:\\\/\\\/juiceboxinc.ca\\\/fr\\\/accueil\\\/\"},{\"@type\":\"ListItem\",\"position\":2,\"name\":\"\u00c0 propos\"}]},{\"@type\":\"WebSite\",\"@id\":\"https:\\\/\\\/juiceboxinc.ca\\\/#website\",\"url\":\"https:\\\/\\\/juiceboxinc.ca\\\/\",\"name\":\"Juice Box Inc.\",\"description\":\"\",\"publisher\":{\"@id\":\"https:\\\/\\\/juiceboxinc.ca\\\/#organization\"},\"potentialAction\":[{\"@type\":\"SearchAction\",\"target\":{\"@type\":\"EntryPoint\",\"urlTemplate\":\"https:\\\/\\\/juiceboxinc.ca\\\/?s={search_term_string}\"},\"query-input\":{\"@type\":\"PropertyValueSpecification\",\"valueRequired\":true,\"valueName\":\"search_term_string\"}}],\"inLanguage\":\"fr-FR\"},{\"@type\":\"Organization\",\"@id\":\"https:\\\/\\\/juiceboxinc.ca\\\/#organization\",\"name\":\"Juice Box Inc.\",\"url\":\"https:\\\/\\\/juiceboxinc.ca\\\/\",\"logo\":{\"@type\":\"ImageObject\",\"inLanguage\":\"fr-FR\",\"@id\":\"https:\\\/\\\/juiceboxinc.ca\\\/#\\\/schema\\\/logo\\\/image\\\/\",\"url\":\"https:\\\/\\\/juiceboxinc.ca\\\/wp-content\\\/uploads\\\/2022\\\/01\\\/citrus2.png\",\"contentUrl\":\"https:\\\/\\\/juiceboxinc.ca\\\/wp-content\\\/uploads\\\/2022\\\/01\\\/citrus2.png\",\"width\":787,\"height\":787,\"caption\":\"Juice Box Inc.\"},\"image\":{\"@id\":\"https:\\\/\\\/juiceboxinc.ca\\\/#\\\/schema\\\/logo\\\/image\\\/\"}}]}<\/script>\n<!-- \/ Yoast SEO Premium plugin. -->","yoast_head_json":{"title":"\u00c0 propos - Juice Box Inc.","robots":{"index":"index","follow":"follow","max-snippet":"max-snippet:-1","max-image-preview":"max-image-preview:large","max-video-preview":"max-video-preview:-1"},"canonical":"https:\/\/juiceboxinc.ca\/fr\/a-propos\/","og_locale":"fr_FR","og_type":"article","og_title":"Juice Box Inc. - \u00c0 propos","og_description":"\u00c0 propos de moi Juice Box Inc est un petit bar \u00e0 jus local situ\u00e9 \u00e0 Campbellton, au Nouveau-Brunswick. Notre objectif est de proposer des options fra\u00eeches et saines \u00e0 notre communaut\u00e9 avec nos jus fra\u00eechement press\u00e9s, nos smoothies, nos en-cas sains et nos d\u00e9jeuners l\u00e9gers dans un environnement de restauration rapide. Notre fondatrice, Rose [&hellip;]","og_url":"https:\/\/juiceboxinc.ca\/fr\/a-propos\/","og_site_name":"Juice Box Inc.","article_modified_time":"2023-11-28T20:34:30+00:00","og_image":[{"url":"https:\/\/juiceboxinc.ca\/wp-content\/uploads\/2023\/11\/jfbeaulieu-YoastFacebookforJuiceBoxInc-1200X675-pix-SP-28Nov2023-002-1024x576.webp","type":"","width":"","height":""}],"twitter_card":"summary_large_image","twitter_title":"Juice Box Inc. - \u00c0 propos","twitter_misc":{"Dur\u00e9e de lecture estim\u00e9e":"3 minutes"},"schema":{"@context":"https:\/\/schema.org","@graph":[{"@type":"WebPage","@id":"https:\/\/juiceboxinc.ca\/fr\/a-propos\/","url":"https:\/\/juiceboxinc.ca\/fr\/a-propos\/","name":"\u00c0 propos - Juice Box Inc.","isPartOf":{"@id":"https:\/\/juiceboxinc.ca\/#website"},"primaryImageOfPage":{"@id":"https:\/\/juiceboxinc.ca\/fr\/a-propos\/#primaryimage"},"image":{"@id":"https:\/\/juiceboxinc.ca\/fr\/a-propos\/#primaryimage"},"thumbnailUrl":"https:\/\/juiceboxinc.ca\/wp-content\/uploads\/2022\/01\/csnn-1024x869.png","datePublished":"2023-02-07T23:02:26+00:00","dateModified":"2023-11-28T20:34:30+00:00","breadcrumb":{"@id":"https:\/\/juiceboxinc.ca\/fr\/a-propos\/#breadcrumb"},"inLanguage":"fr-FR","potentialAction":[{"@type":"ReadAction","target":["https:\/\/juiceboxinc.ca\/fr\/a-propos\/"]}]},{"@type":"ImageObject","inLanguage":"fr-FR","@id":"https:\/\/juiceboxinc.ca\/fr\/a-propos\/#primaryimage","url":"https:\/\/juiceboxinc.ca\/wp-content\/uploads\/2022\/01\/csnn-1024x869.png","contentUrl":"https:\/\/juiceboxinc.ca\/wp-content\/uploads\/2022\/01\/csnn-1024x869.png"},{"@type":"BreadcrumbList","@id":"https:\/\/juiceboxinc.ca\/fr\/a-propos\/#breadcrumb","itemListElement":[{"@type":"ListItem","position":1,"name":"Home","item":"https:\/\/juiceboxinc.ca\/fr\/accueil\/"},{"@type":"ListItem","position":2,"name":"\u00c0 propos"}]},{"@type":"WebSite","@id":"https:\/\/juiceboxinc.ca\/#website","url":"https:\/\/juiceboxinc.ca\/","name":"Juice Box Inc.","description":"","publisher":{"@id":"https:\/\/juiceboxinc.ca\/#organization"},"potentialAction":[{"@type":"SearchAction","target":{"@type":"EntryPoint","urlTemplate":"https:\/\/juiceboxinc.ca\/?s={search_term_string}"},"query-input":{"@type":"PropertyValueSpecification","valueRequired":true,"valueName":"search_term_string"}}],"inLanguage":"fr-FR"},{"@type":"Organization","@id":"https:\/\/juiceboxinc.ca\/#organization","name":"Juice Box Inc.","url":"https:\/\/juiceboxinc.ca\/","logo":{"@type":"ImageObject","inLanguage":"fr-FR","@id":"https:\/\/juiceboxinc.ca\/#\/schema\/logo\/image\/","url":"https:\/\/juiceboxinc.ca\/wp-content\/uploads\/2022\/01\/citrus2.png","contentUrl":"https:\/\/juiceboxinc.ca\/wp-content\/uploads\/2022\/01\/citrus2.png","width":787,"height":787,"caption":"Juice Box Inc."},"image":{"@id":"https:\/\/juiceboxinc.ca\/#\/schema\/logo\/image\/"}}]}},"_links":{"self":[{"href":"https:\/\/juiceboxinc.ca\/fr\/wp-json\/wp\/v2\/pages\/1804","targetHints":{"allow":["GET"]}}],"collection":[{"href":"https:\/\/juiceboxinc.ca\/fr\/wp-json\/wp\/v2\/pages"}],"about":[{"href":"https:\/\/juiceboxinc.ca\/fr\/wp-json\/wp\/v2\/types\/page"}],"author":[{"embeddable":true,"href":"https:\/\/juiceboxinc.ca\/fr\/wp-json\/wp\/v2\/users\/1"}],"replies":[{"embeddable":true,"href":"https:\/\/juiceboxinc.ca\/fr\/wp-json\/wp\/v2\/comments?post=1804"}],"version-history":[{"count":15,"href":"https:\/\/juiceboxinc.ca\/fr\/wp-json\/wp\/v2\/pages\/1804\/revisions"}],"predecessor-version":[{"id":2604,"href":"https:\/\/juiceboxinc.ca\/fr\/wp-json\/wp\/v2\/pages\/1804\/revisions\/2604"}],"wp:attachment":[{"href":"https:\/\/juiceboxinc.ca\/fr\/wp-json\/wp\/v2\/media?parent=1804"}],"curies":[{"name":"wp","href":"https:\/\/api.w.org\/{rel}","templated":true}]}}